{"id":756,"date":"2025-03-07T17:46:09","date_gmt":"2025-03-07T23:46:09","guid":{"rendered":"https:\/\/ikona.com.mx\/?page_id=756"},"modified":"2025-05-26T03:08:24","modified_gmt":"2025-05-26T08:08:24","slug":"monday-com","status":"publish","type":"page","link":"https:\/\/ikona.com.mx\/en\/monday-com\/","title":{"rendered":"Monday.com"},"content":{"rendered":"<div data-elementor-type=\"wp-page\" data-elementor-id=\"756\" class=\"elementor elementor-756\">\n\t\t\t\t<div class=\"elementor-element elementor-element-18088ee e-con-full e-flex e-con e-parent\" data-id=\"18088ee\" data-element_type=\"container\">\n\t\t\t\t<div class=\"elementor-element elementor-element-2b98e37 elementor-widget elementor-widget-image\" data-id=\"2b98e37\" data-element_type=\"widget\" data-widget_type=\"image.default\">\n\t\t\t\t<div class=\"elementor-widget-container\">\n\t\t\t\t\t\t\t\t\t\t\t\t\t\t\t<img fetchpriority=\"high\" decoding=\"async\" width=\"1920\" height=\"805\" src=\"https:\/\/ikona.com.mx\/wp-content\/uploads\/2025\/03\/Group-284.png\" class=\"attachment-full size-full wp-image-761\" alt=\"\" srcset=\"https:\/\/ikona.com.mx\/wp-content\/uploads\/2025\/03\/Group-284.png 1920w, https:\/\/ikona.com.mx\/wp-content\/uploads\/2025\/03\/Group-284-300x126.png 300w, https:\/\/ikona.com.mx\/wp-content\/uploads\/2025\/03\/Group-284-1024x429.png 1024w, https:\/\/ikona.com.mx\/wp-content\/uploads\/2025\/03\/Group-284-768x322.png 768w, https:\/\/ikona.com.mx\/wp-content\/uploads\/2025\/03\/Group-284-1536x644.png 1536w, https:\/\/ikona.com.mx\/wp-content\/uploads\/2025\/03\/Group-284-18x8.png 18w\" sizes=\"(max-width: 1920px) 100vw, 1920px\" \/>\t\t\t\t\t\t\t\t\t\t\t\t\t\t\t<\/div>\n\t\t\t\t<\/div>\n\t\t\t\t<\/div>\n\t\t<div class=\"elementor-element elementor-element-1d19ec6 e-con-full e-flex e-con e-parent\" data-id=\"1d19ec6\" data-element_type=\"container\">\n\t\t\t\t<div class=\"elementor-element elementor-element-0c92310 elementor-widget elementor-widget-image\" data-id=\"0c92310\" data-element_type=\"widget\" data-widget_type=\"image.default\">\n\t\t\t\t<div class=\"elementor-widget-container\">\n\t\t\t\t\t\t\t\t\t\t\t\t\t\t\t<img decoding=\"async\" width=\"1920\" height=\"1027\" src=\"https:\/\/ikona.com.mx\/wp-content\/uploads\/2025\/03\/Group-286.png\" class=\"attachment-full size-full wp-image-767\" alt=\"\" srcset=\"https:\/\/ikona.com.mx\/wp-content\/uploads\/2025\/03\/Group-286.png 1920w, https:\/\/ikona.com.mx\/wp-content\/uploads\/2025\/03\/Group-286-300x160.png 300w, https:\/\/ikona.com.mx\/wp-content\/uploads\/2025\/03\/Group-286-1024x548.png 1024w, https:\/\/ikona.com.mx\/wp-content\/uploads\/2025\/03\/Group-286-768x411.png 768w, https:\/\/ikona.com.mx\/wp-content\/uploads\/2025\/03\/Group-286-1536x822.png 1536w, https:\/\/ikona.com.mx\/wp-content\/uploads\/2025\/03\/Group-286-18x10.png 18w\" sizes=\"(max-width: 1920px) 100vw, 1920px\" \/>\t\t\t\t\t\t\t\t\t\t\t\t\t\t\t<\/div>\n\t\t\t\t<\/div>\n\t\t<div class=\"elementor-element elementor-element-ec7373c e-con-full e-flex e-con e-child\" data-id=\"ec7373c\" data-element_type=\"container\">\n\t\t<div class=\"elementor-element elementor-element-52e148e e-con-full e-flex e-con e-child\" data-id=\"52e148e\" data-element_type=\"container\">\n\t\t<div class=\"elementor-element elementor-element-9bcc19c e-con-full e-flex e-con e-child\" data-id=\"9bcc19c\" data-element_type=\"container\">\n\t\t\t\t<div class=\"elementor-element elementor-element-741b6b2 e-n-tabs-mobile elementor-widget elementor-widget-n-tabs\" data-id=\"741b6b2\" data-element_type=\"widget\" data-widget_type=\"nested-tabs.default\">\n\t\t\t\t<div class=\"elementor-widget-container\">\n\t\t\t\t\t\t\t<div class=\"e-n-tabs\" data-widget-number=\"121747122\" aria-label=\"Pesta\u00f1as. Abre elementos con Intro o Espacio, ci\u00e9rralos con Escape y navega con las fechas.\">\n\t\t\t<div class=\"e-n-tabs-heading\" role=\"tablist\">\n\t\t\t\t\t<button id=\"e-n-tab-title-1217471221\" class=\"e-n-tab-title\" aria-selected=\"true\" data-tab-index=\"1\" role=\"tab\" tabindex=\"0\" aria-controls=\"e-n-tab-content-1217471221\" style=\"--n-tabs-title-order: 1;\">\n\t\t\t\t\t\t<span class=\"e-n-tab-title-text\">\n\t\t\t\tAn\u00e1lisis y Mapeo\t\t\t<\/span>\n\t\t<\/button>\n\t\t\t\t<button id=\"e-n-tab-title-1217471222\" class=\"e-n-tab-title\" aria-selected=\"false\" data-tab-index=\"2\" role=\"tab\" tabindex=\"-1\" aria-controls=\"e-n-tab-content-1217471222\" style=\"--n-tabs-title-order: 2;\">\n\t\t\t\t\t\t<span class=\"e-n-tab-title-text\">\n\t\t\t\tDelivery: Desarrollo de Espacios de Trabajo\t\t\t<\/span>\n\t\t<\/button>\n\t\t\t\t<button id=\"e-n-tab-title-1217471223\" class=\"e-n-tab-title\" aria-selected=\"false\" data-tab-index=\"3\" role=\"tab\" tabindex=\"-1\" aria-controls=\"e-n-tab-content-1217471223\" style=\"--n-tabs-title-order: 3;\">\n\t\t\t\t\t\t<span class=\"e-n-tab-title-text\">\n\t\t\t\tIntegraciones\t\t\t<\/span>\n\t\t<\/button>\n\t\t\t\t<button id=\"e-n-tab-title-1217471224\" class=\"e-n-tab-title\" aria-selected=\"false\" data-tab-index=\"4\" role=\"tab\" tabindex=\"-1\" aria-controls=\"e-n-tab-content-1217471224\" style=\"--n-tabs-title-order: 4;\">\n\t\t\t\t\t\t<span class=\"e-n-tab-title-text\">\n\t\t\t\tDashboards y Reportes\t\t\t<\/span>\n\t\t<\/button>\n\t\t\t\t<button id=\"e-n-tab-title-1217471225\" class=\"e-n-tab-title\" aria-selected=\"false\" data-tab-index=\"5\" role=\"tab\" tabindex=\"-1\" aria-controls=\"e-n-tab-content-1217471225\" style=\"--n-tabs-title-order: 5;\">\n\t\t\t\t\t\t<span class=\"e-n-tab-title-text\">\n\t\t\t\tImplementaci\u00f3n\t\t\t<\/span>\n\t\t<\/button>\n\t\t\t\t<button id=\"e-n-tab-title-1217471226\" class=\"e-n-tab-title\" aria-selected=\"false\" data-tab-index=\"6\" role=\"tab\" tabindex=\"-1\" aria-controls=\"e-n-tab-content-1217471226\" style=\"--n-tabs-title-order: 6;\">\n\t\t\t\t\t\t<span class=\"e-n-tab-title-text\">\n\t\t\t\tCapacitaci\u00f3n\t\t\t<\/span>\n\t\t<\/button>\n\t\t\t\t\t<\/div>\n\t\t\t<div class=\"e-n-tabs-content\">\n\t\t\t\t<div id=\"e-n-tab-content-1217471221\" role=\"tabpanel\" aria-labelledby=\"e-n-tab-title-1217471221\" data-tab-index=\"1\" style=\"--n-tabs-title-order: 1;\" class=\"e-active elementor-element elementor-element-f5ed184 e-con-full e-flex e-con e-child\" data-id=\"f5ed184\" data-element_type=\"container\">\n\t\t\t\t<div class=\"elementor-element elementor-element-403971c elementor-widget elementor-widget-text-editor\" data-id=\"403971c\" data-element_type=\"widget\" data-widget_type=\"text-editor.default\">\n\t\t\t\t<div class=\"elementor-widget-container\">\n\t\t\t\t\t\t\t\t\t<p>Analizamos las etapas de los diferentes procesos de tu empresa. Realizamos entrevistas para conocer tus necesidades y las de tu equipo. Con nuestra experiencia, dise\u00f1amos una configuraci\u00f3n de monday.com a la medida en base a las necesidades de tu empresa. A trav\u00e9s de esta fase, cuentas con todo el apoyo de nuestros consultores para proyectar el mejor flujo de trabajo para todos tus colaboradores.<\/p><p><strong>\u00bfQu\u00e9 incluye?\u00a0<\/strong><\/p><ul><li>Sesiones con tu equipo de trabajo<\/li><li>Encuestas y mapeo del flujo de los procesos de la empresa<\/li><li>Identificaci\u00f3n de \u00e1reas de mejora y propuestas clave.<\/li><\/ul><p><strong>Beneficio Clave:<\/strong><\/p><p>Atenci\u00f3n personalizada de acuerdo a tus necesidades<\/p>\t\t\t\t\t\t\t\t<\/div>\n\t\t\t\t<\/div>\n\t\t\t\t<\/div>\n\t\t<div id=\"e-n-tab-content-1217471222\" role=\"tabpanel\" aria-labelledby=\"e-n-tab-title-1217471222\" data-tab-index=\"2\" style=\"--n-tabs-title-order: 2;\" class=\"elementor-element elementor-element-ac3d23f e-con-full e-flex e-con e-child\" data-id=\"ac3d23f\" data-element_type=\"container\">\n\t\t\t\t<div class=\"elementor-element elementor-element-b75acfa elementor-widget elementor-widget-text-editor\" data-id=\"b75acfa\" data-element_type=\"widget\" data-widget_type=\"text-editor.default\">\n\t\t\t\t<div class=\"elementor-widget-container\">\n\t\t\t\t\t\t\t\t\t<p>Te ayudamos a configurar monday.com desde cero, adapt\u00e1ndolo a tus procesos espec\u00edficos. Nuestros consultores garantizan que tu equipo comience con una base s\u00f3lida.<\/p><p><strong>\u00bfQu\u00e9 incluye?\u00a0<\/strong><\/p><ul><li>Configuraci\u00f3n inicial de tu cuenta de monday.com.<\/li><li>Creaci\u00f3n de estructuras personalizadas para proyectos o equipos.<\/li><li>Configuraci\u00f3n de permisos y roles para garantizar la seguridad y organizaci\u00f3n.<\/li><\/ul><p><strong>Beneficio Clave:<\/strong><\/p><p>Empieza a trabajar de manera eficiente desde el d\u00eda uno.\u00a0<\/p>\t\t\t\t\t\t\t\t<\/div>\n\t\t\t\t<\/div>\n\t\t\t\t<\/div>\n\t\t<div id=\"e-n-tab-content-1217471223\" role=\"tabpanel\" aria-labelledby=\"e-n-tab-title-1217471223\" data-tab-index=\"3\" style=\"--n-tabs-title-order: 3;\" class=\"elementor-element elementor-element-a37ffb8 e-con-full e-flex e-con e-child\" data-id=\"a37ffb8\" data-element_type=\"container\">\n\t\t\t\t<div class=\"elementor-element elementor-element-e2890e6 elementor-widget elementor-widget-text-editor\" data-id=\"e2890e6\" data-element_type=\"widget\" data-widget_type=\"text-editor.default\">\n\t\t\t\t<div class=\"elementor-widget-container\">\n\t\t\t\t\t\t\t\t\t<p>Conectamos monday.com con las herramientas que ya usas para crear un ecosistema de trabajo fluido y eficiente.<\/p><p>\u00a0<\/p><p><strong>\u00bfQu\u00e9 incluye?\u00a0<\/strong><\/p><ul><li>Integraciones con herramientas populares como Slack, Google Workspace y CRMs y mucho m\u00e1s.<br \/>Desarrollo de integraciones personalizadas para cubrir necesidades espec\u00edficas.<br \/>Configuraci\u00f3n, pruebas y aseguramiento de calidad para garantizar un funcionamiento adecuado.<\/li><\/ul><p>\u00a0<\/p><p><strong>Beneficio Clave:<\/strong><\/p><p>Ahorra tiempo conectando todos los sistemas que ocupas en un solo lugar.<\/p>\t\t\t\t\t\t\t\t<\/div>\n\t\t\t\t<\/div>\n\t\t\t\t<\/div>\n\t\t<div id=\"e-n-tab-content-1217471224\" role=\"tabpanel\" aria-labelledby=\"e-n-tab-title-1217471224\" data-tab-index=\"4\" style=\"--n-tabs-title-order: 4;\" class=\"elementor-element elementor-element-8f2827f e-con-full e-flex e-con e-child\" data-id=\"8f2827f\" data-element_type=\"container\">\n\t\t\t\t<div class=\"elementor-element elementor-element-070c09d elementor-widget elementor-widget-text-editor\" data-id=\"070c09d\" data-element_type=\"widget\" data-widget_type=\"text-editor.default\">\n\t\t\t\t<div class=\"elementor-widget-container\">\n\t\t\t\t\t\t\t\t\t<p>Creamos y personalizamos espacios de trabajo dentro de monday.com que reflejan tus procesos optimizados, permitiendo que tu equipo trabaje de manera colaborativa y eficiente.<\/p><p>\u00a0<\/p><p><strong>\u00bfQu\u00e9 incluye?\u00a0<\/strong><\/p><ul><li>Desarrollo de tableros y flujos de trabajo basados en los procesos previamente diagramados.<\/li><li>Personalizaci\u00f3n de espacios de trabajo seg\u00fan las necesidades de cada \u00e1rea o equipo.<\/li><li>Configuraci\u00f3n de automatizaciones y notificaciones para mejorar la productividad.<\/li><\/ul><p>\u00a0<\/p><p><strong>Beneficio Clave:<\/strong><\/p><p>Convierte tus procesos en espacios funcionales y f\u00e1ciles de usar.<\/p>\t\t\t\t\t\t\t\t<\/div>\n\t\t\t\t<\/div>\n\t\t\t\t<\/div>\n\t\t<div id=\"e-n-tab-content-1217471225\" role=\"tabpanel\" aria-labelledby=\"e-n-tab-title-1217471225\" data-tab-index=\"5\" style=\"--n-tabs-title-order: 5;\" class=\"elementor-element elementor-element-040611e e-con-full e-flex e-con e-child\" data-id=\"040611e\" data-element_type=\"container\">\n\t\t\t\t<div class=\"elementor-element elementor-element-ae270f0 elementor-widget elementor-widget-text-editor\" data-id=\"ae270f0\" data-element_type=\"widget\" data-widget_type=\"text-editor.default\">\n\t\t\t\t<div class=\"elementor-widget-container\">\n\t\t\t\t\t\t\t\t\t<p>Entendemos que cada equipo y empresa es \u00fanico. Por eso, iniciamos con un an\u00e1lisis detallado de tus procesos para identificar \u00e1reas de mejora y dise\u00f1ar flujos de trabajo \u00f3ptimos antes de la implementaci\u00f3n.<\/p><p>\u00a0<\/p><p><strong>\u00bfQu\u00e9 incluye?\u00a0<\/strong><\/p><ul><li>Sesiones de an\u00e1lisis con los stakeholders clave.<\/li><li>Diagramaci\u00f3n de procesos actuales y dise\u00f1o de procesos optimizados.<\/li><li>Recomendaciones espec\u00edficas para el desarrollo en monday.com.<\/li><\/ul><p>\u00a0<\/p><p><strong>Beneficio Clave:<\/strong><\/p><p>Asegurarnos de que tu soluci\u00f3n est\u00e9 dise\u00f1ada correctamente desde el principio para maximizar resultados.<\/p>\t\t\t\t\t\t\t\t<\/div>\n\t\t\t\t<\/div>\n\t\t\t\t<\/div>\n\t\t<div id=\"e-n-tab-content-1217471226\" role=\"tabpanel\" aria-labelledby=\"e-n-tab-title-1217471226\" data-tab-index=\"6\" style=\"--n-tabs-title-order: 6;\" class=\"elementor-element elementor-element-544b732 e-con-full e-flex e-con e-child\" data-id=\"544b732\" data-element_type=\"container\">\n\t\t\t\t<div class=\"elementor-element elementor-element-574292c elementor-widget elementor-widget-text-editor\" data-id=\"574292c\" data-element_type=\"widget\" data-widget_type=\"text-editor.default\">\n\t\t\t\t<div class=\"elementor-widget-container\">\n\t\t\t\t\t\t\t\t\t<p>Preparamos a tu equipo para que aproveche todo el potencial de monday.com. Adaptamos nuestras sesiones a diferentes niveles de experiencia para asegurar el \u00e9xito en su adopci\u00f3n.<\/p><p>\u00a0<\/p><p><strong>\u00bfQu\u00e9 incluye?\u00a0<\/strong><\/p><ul><li>Capacitaci\u00f3n b\u00e1sica para usuarios nuevos, cubriendo las funcionalidades esenciales del sistema y de los espacios de trabajo de cada rol.\u00a0<\/li><li>Capacitaciones avanzadas enfocados en personalizaci\u00f3n y funcionalidades espec\u00edficas que sean relevantes para el caso de uso.<\/li><li>Acceso a sesiones grabadas y materiales de apoyo para referencia futura<\/li><\/ul><p>\u00a0<\/p><p><strong>Beneficio Clave:<\/strong><\/p><p>Maximizar la adopci\u00f3n y el uso efectivo del sistema en tu equipo.<\/p>\t\t\t\t\t\t\t\t<\/div>\n\t\t\t\t<\/div>\n\t\t\t\t<\/div>\n\t\t\t\t\t<\/div>\n\t\t<\/div>\n\t\t\t\t\t\t<\/div>\n\t\t\t\t<\/div>\n\t\t\t\t<\/div>\n\t\t\t\t<\/div>\n\t\t\t\t<\/div>\n\t\t\t\t<\/div>\n\t\t<div class=\"elementor-element elementor-element-dbd5336 e-flex e-con-boxed e-con e-parent\" data-id=\"dbd5336\" data-element_type=\"container\">\n\t\t\t\t\t<div class=\"e-con-inner\">\n\t\t\t\t<div class=\"elementor-element elementor-element-f43a288 elementor-align-center elementor-widget elementor-widget-button\" data-id=\"f43a288\" data-element_type=\"widget\" data-widget_type=\"button.default\">\n\t\t\t\t<div class=\"elementor-widget-container\">\n\t\t\t\t\t\t\t\t\t<div class=\"elementor-button-wrapper\">\n\t\t\t\t\t<a class=\"elementor-button elementor-button-link elementor-size-sm\" href=\"https:\/\/ikona.com.mx\/en\/contacto\/\">\n\t\t\t\t\t\t<span class=\"elementor-button-content-wrapper\">\n\t\t\t\t\t\t\t\t\t<span class=\"elementor-button-text\">Cont\u00e1ctanos<\/span>\n\t\t\t\t\t<\/span>\n\t\t\t\t\t<\/a>\n\t\t\t\t<\/div>\n\t\t\t\t\t\t\t\t<\/div>\n\t\t\t\t<\/div>\n\t\t\t\t\t<\/div>\n\t\t\t\t<\/div>\n\t\t<div class=\"elementor-element elementor-element-d75bc17 e-con-full e-flex e-con e-parent\" data-id=\"d75bc17\" data-element_type=\"container\" data-settings=\"{&quot;background_background&quot;:&quot;classic&quot;}\">\n\t\t<div class=\"elementor-element elementor-element-67d3488 e-con-full e-flex e-con e-child\" data-id=\"67d3488\" data-element_type=\"container\">\n\t\t\t\t<div class=\"elementor-element elementor-element-00c5eb2 elementor-widget elementor-widget-text-editor\" data-id=\"00c5eb2\" data-element_type=\"widget\" data-widget_type=\"text-editor.default\">\n\t\t\t\t<div class=\"elementor-widget-container\">\n\t\t\t\t\t\t\t\t\t<p>Paquetes de soporte y servicios para <strong>desarrollo e<\/strong> <strong>implementaci\u00f3n personalizada<\/strong><\/p>\t\t\t\t\t\t\t\t<\/div>\n\t\t\t\t<\/div>\n\t\t\t\t<\/div>\n\t\t<div class=\"elementor-element elementor-element-144f710 e-flex e-con-boxed e-con e-child\" data-id=\"144f710\" data-element_type=\"container\">\n\t\t\t\t\t<div class=\"e-con-inner\">\n\t\t\t\t<div class=\"elementor-element elementor-element-e115709 elementor-widget elementor-widget-image\" data-id=\"e115709\" data-element_type=\"widget\" data-widget_type=\"image.default\">\n\t\t\t\t<div class=\"elementor-widget-container\">\n\t\t\t\t\t\t\t\t\t\t\t\t\t\t\t<img decoding=\"async\" width=\"1637\" height=\"604\" src=\"https:\/\/ikona.com.mx\/wp-content\/uploads\/2025\/03\/Monday-Espanol-caracteristicas-Ikona.png\" class=\"attachment-full size-full wp-image-770\" alt=\"\" srcset=\"https:\/\/ikona.com.mx\/wp-content\/uploads\/2025\/03\/Monday-Espanol-caracteristicas-Ikona.png 1637w, https:\/\/ikona.com.mx\/wp-content\/uploads\/2025\/03\/Monday-Espanol-caracteristicas-Ikona-300x111.png 300w, https:\/\/ikona.com.mx\/wp-content\/uploads\/2025\/03\/Monday-Espanol-caracteristicas-Ikona-1024x378.png 1024w, https:\/\/ikona.com.mx\/wp-content\/uploads\/2025\/03\/Monday-Espanol-caracteristicas-Ikona-768x283.png 768w, https:\/\/ikona.com.mx\/wp-content\/uploads\/2025\/03\/Monday-Espanol-caracteristicas-Ikona-1536x567.png 1536w, https:\/\/ikona.com.mx\/wp-content\/uploads\/2025\/03\/Monday-Espanol-caracteristicas-Ikona-18x7.png 18w\" sizes=\"(max-width: 1637px) 100vw, 1637px\" \/>\t\t\t\t\t\t\t\t\t\t\t\t\t\t\t<\/div>\n\t\t\t\t<\/div>\n\t\t\t\t\t<\/div>\n\t\t\t\t<\/div>\n\t\t\t\t<\/div>\n\t\t<div class=\"elementor-element elementor-element-97347a2 e-flex e-con-boxed e-con e-parent\" data-id=\"97347a2\" data-element_type=\"container\">\n\t\t\t\t\t<div class=\"e-con-inner\">\n\t\t\t\t\t<\/div>\n\t\t\t\t<\/div>\n\t\t\t\t<\/div>","protected":false},"excerpt":{"rendered":"<p>An\u00e1lisis y Mapeo Delivery: Desarrollo de Espacios de Trabajo Integraciones Dashboards y Reportes Implementaci\u00f3n Capacitaci\u00f3n Analizamos las etapas de los diferentes procesos de tu empresa. Realizamos entrevistas para conocer tus necesidades y las de tu equipo. Con nuestra experiencia, dise\u00f1amos una configuraci\u00f3n de monday.com a la medida en base a las necesidades de tu empresa. [&hellip;]<\/p>","protected":false},"author":1,"featured_media":0,"parent":0,"menu_order":0,"comment_status":"closed","ping_status":"closed","template":"elementor_header_footer","meta":{"_acf_changed":false,"footnotes":""},"class_list":["post-756","page","type-page","status-publish","hentry"],"acf":[],"yoast_head":"<!-- This site is optimized with the Yoast SEO plugin v27.0 - https:\/\/yoast.com\/product\/yoast-seo-wordpress\/ -->\n<title>Monday.com - IKONA<\/title>\n<meta name=\"robots\" content=\"index, follow, max-snippet:-1, max-image-preview:large, max-video-preview:-1\" \/>\n<link rel=\"canonical\" href=\"https:\/\/ikona.com.mx\/en\/monday-com\/\" \/>\n<meta property=\"og:locale\" content=\"en_US\" \/>\n<meta property=\"og:type\" content=\"article\" \/>\n<meta property=\"og:title\" content=\"Monday.com - IKONA\" \/>\n<meta property=\"og:description\" content=\"An\u00e1lisis y Mapeo Delivery: Desarrollo de Espacios de Trabajo Integraciones Dashboards y Reportes Implementaci\u00f3n Capacitaci\u00f3n Analizamos las etapas de los diferentes procesos de tu empresa. Realizamos entrevistas para conocer tus necesidades y las de tu equipo. Con nuestra experiencia, dise\u00f1amos una configuraci\u00f3n de monday.com a la medida en base a las necesidades de tu empresa. [&hellip;]\" \/>\n<meta property=\"og:url\" content=\"https:\/\/ikona.com.mx\/en\/monday-com\/\" \/>\n<meta property=\"og:site_name\" content=\"IKONA\" \/>\n<meta property=\"article:modified_time\" content=\"2025-05-26T08:08:24+00:00\" \/>\n<meta property=\"og:image\" content=\"https:\/\/ikona.com.mx\/wp-content\/uploads\/2025\/03\/Group-284.png\" \/>\n\t<meta property=\"og:image:width\" content=\"1920\" \/>\n\t<meta property=\"og:image:height\" content=\"805\" \/>\n\t<meta property=\"og:image:type\" content=\"image\/png\" \/>\n<meta name=\"twitter:card\" content=\"summary_large_image\" \/>\n<meta name=\"twitter:label1\" content=\"Est. reading time\" \/>\n\t<meta name=\"twitter:data1\" content=\"5 minutes\" \/>\n<script type=\"application\/ld+json\" class=\"yoast-schema-graph\">{\"@context\":\"https:\/\/schema.org\",\"@graph\":[{\"@type\":\"WebPage\",\"@id\":\"https:\/\/ikona.com.mx\/monday-com\/\",\"url\":\"https:\/\/ikona.com.mx\/monday-com\/\",\"name\":\"Monday.com - IKONA\",\"isPartOf\":{\"@id\":\"https:\/\/ikona.com.mx\/#website\"},\"primaryImageOfPage\":{\"@id\":\"https:\/\/ikona.com.mx\/monday-com\/#primaryimage\"},\"image\":{\"@id\":\"https:\/\/ikona.com.mx\/monday-com\/#primaryimage\"},\"thumbnailUrl\":\"https:\/\/ikona.com.mx\/wp-content\/uploads\/2025\/03\/Group-284.png\",\"datePublished\":\"2025-03-07T23:46:09+00:00\",\"dateModified\":\"2025-05-26T08:08:24+00:00\",\"breadcrumb\":{\"@id\":\"https:\/\/ikona.com.mx\/monday-com\/#breadcrumb\"},\"inLanguage\":\"en-US\",\"potentialAction\":[{\"@type\":\"ReadAction\",\"target\":[\"https:\/\/ikona.com.mx\/monday-com\/\"]}]},{\"@type\":\"ImageObject\",\"inLanguage\":\"en-US\",\"@id\":\"https:\/\/ikona.com.mx\/monday-com\/#primaryimage\",\"url\":\"https:\/\/ikona.com.mx\/wp-content\/uploads\/2025\/03\/Group-284.png\",\"contentUrl\":\"https:\/\/ikona.com.mx\/wp-content\/uploads\/2025\/03\/Group-284.png\"},{\"@type\":\"BreadcrumbList\",\"@id\":\"https:\/\/ikona.com.mx\/monday-com\/#breadcrumb\",\"itemListElement\":[{\"@type\":\"ListItem\",\"position\":1,\"name\":\"Inicio\",\"item\":\"https:\/\/ikona.com.mx\/\"},{\"@type\":\"ListItem\",\"position\":2,\"name\":\"Monday.com\"}]},{\"@type\":\"WebSite\",\"@id\":\"https:\/\/ikona.com.mx\/#website\",\"url\":\"https:\/\/ikona.com.mx\/\",\"name\":\"IKONA\",\"description\":\"IKONA\",\"publisher\":{\"@id\":\"https:\/\/ikona.com.mx\/#organization\"},\"potentialAction\":[{\"@type\":\"SearchAction\",\"target\":{\"@type\":\"EntryPoint\",\"urlTemplate\":\"https:\/\/ikona.com.mx\/?s={search_term_string}\"},\"query-input\":{\"@type\":\"PropertyValueSpecification\",\"valueRequired\":true,\"valueName\":\"search_term_string\"}}],\"inLanguage\":\"en-US\"},{\"@type\":\"Organization\",\"@id\":\"https:\/\/ikona.com.mx\/#organization\",\"name\":\"IKONA\",\"url\":\"https:\/\/ikona.com.mx\/\",\"logo\":{\"@type\":\"ImageObject\",\"inLanguage\":\"en-US\",\"@id\":\"https:\/\/ikona.com.mx\/#\/schema\/logo\/image\/\",\"url\":\"https:\/\/ikona.com.mx\/wp-content\/uploads\/2023\/06\/Recurso-1.svg\",\"contentUrl\":\"https:\/\/ikona.com.mx\/wp-content\/uploads\/2023\/06\/Recurso-1.svg\",\"caption\":\"IKONA\"},\"image\":{\"@id\":\"https:\/\/ikona.com.mx\/#\/schema\/logo\/image\/\"}}]}<\/script>\n<!-- \/ Yoast SEO plugin. -->","yoast_head_json":{"title":"Monday.com - IKONA","robots":{"index":"index","follow":"follow","max-snippet":"max-snippet:-1","max-image-preview":"max-image-preview:large","max-video-preview":"max-video-preview:-1"},"canonical":"https:\/\/ikona.com.mx\/en\/monday-com\/","og_locale":"en_US","og_type":"article","og_title":"Monday.com - IKONA","og_description":"An\u00e1lisis y Mapeo Delivery: Desarrollo de Espacios de Trabajo Integraciones Dashboards y Reportes Implementaci\u00f3n Capacitaci\u00f3n Analizamos las etapas de los diferentes procesos de tu empresa. Realizamos entrevistas para conocer tus necesidades y las de tu equipo. Con nuestra experiencia, dise\u00f1amos una configuraci\u00f3n de monday.com a la medida en base a las necesidades de tu empresa. [&hellip;]","og_url":"https:\/\/ikona.com.mx\/en\/monday-com\/","og_site_name":"IKONA","article_modified_time":"2025-05-26T08:08:24+00:00","og_image":[{"width":1920,"height":805,"url":"https:\/\/ikona.com.mx\/wp-content\/uploads\/2025\/03\/Group-284.png","type":"image\/png"}],"twitter_card":"summary_large_image","twitter_misc":{"Est. reading time":"5 minutes"},"schema":{"@context":"https:\/\/schema.org","@graph":[{"@type":"WebPage","@id":"https:\/\/ikona.com.mx\/monday-com\/","url":"https:\/\/ikona.com.mx\/monday-com\/","name":"Monday.com - IKONA","isPartOf":{"@id":"https:\/\/ikona.com.mx\/#website"},"primaryImageOfPage":{"@id":"https:\/\/ikona.com.mx\/monday-com\/#primaryimage"},"image":{"@id":"https:\/\/ikona.com.mx\/monday-com\/#primaryimage"},"thumbnailUrl":"https:\/\/ikona.com.mx\/wp-content\/uploads\/2025\/03\/Group-284.png","datePublished":"2025-03-07T23:46:09+00:00","dateModified":"2025-05-26T08:08:24+00:00","breadcrumb":{"@id":"https:\/\/ikona.com.mx\/monday-com\/#breadcrumb"},"inLanguage":"en-US","potentialAction":[{"@type":"ReadAction","target":["https:\/\/ikona.com.mx\/monday-com\/"]}]},{"@type":"ImageObject","inLanguage":"en-US","@id":"https:\/\/ikona.com.mx\/monday-com\/#primaryimage","url":"https:\/\/ikona.com.mx\/wp-content\/uploads\/2025\/03\/Group-284.png","contentUrl":"https:\/\/ikona.com.mx\/wp-content\/uploads\/2025\/03\/Group-284.png"},{"@type":"BreadcrumbList","@id":"https:\/\/ikona.com.mx\/monday-com\/#breadcrumb","itemListElement":[{"@type":"ListItem","position":1,"name":"Inicio","item":"https:\/\/ikona.com.mx\/"},{"@type":"ListItem","position":2,"name":"Monday.com"}]},{"@type":"WebSite","@id":"https:\/\/ikona.com.mx\/#website","url":"https:\/\/ikona.com.mx\/","name":"IKONA","description":"IKONA","publisher":{"@id":"https:\/\/ikona.com.mx\/#organization"},"potentialAction":[{"@type":"SearchAction","target":{"@type":"EntryPoint","urlTemplate":"https:\/\/ikona.com.mx\/?s={search_term_string}"},"query-input":{"@type":"PropertyValueSpecification","valueRequired":true,"valueName":"search_term_string"}}],"inLanguage":"en-US"},{"@type":"Organization","@id":"https:\/\/ikona.com.mx\/#organization","name":"IKONA","url":"https:\/\/ikona.com.mx\/","logo":{"@type":"ImageObject","inLanguage":"en-US","@id":"https:\/\/ikona.com.mx\/#\/schema\/logo\/image\/","url":"https:\/\/ikona.com.mx\/wp-content\/uploads\/2023\/06\/Recurso-1.svg","contentUrl":"https:\/\/ikona.com.mx\/wp-content\/uploads\/2023\/06\/Recurso-1.svg","caption":"IKONA"},"image":{"@id":"https:\/\/ikona.com.mx\/#\/schema\/logo\/image\/"}}]}},"_links":{"self":[{"href":"https:\/\/ikona.com.mx\/en\/wp-json\/wp\/v2\/pages\/756","targetHints":{"allow":["GET"]}}],"collection":[{"href":"https:\/\/ikona.com.mx\/en\/wp-json\/wp\/v2\/pages"}],"about":[{"href":"https:\/\/ikona.com.mx\/en\/wp-json\/wp\/v2\/types\/page"}],"author":[{"embeddable":true,"href":"https:\/\/ikona.com.mx\/en\/wp-json\/wp\/v2\/users\/1"}],"replies":[{"embeddable":true,"href":"https:\/\/ikona.com.mx\/en\/wp-json\/wp\/v2\/comments?post=756"}],"version-history":[{"count":25,"href":"https:\/\/ikona.com.mx\/en\/wp-json\/wp\/v2\/pages\/756\/revisions"}],"predecessor-version":[{"id":947,"href":"https:\/\/ikona.com.mx\/en\/wp-json\/wp\/v2\/pages\/756\/revisions\/947"}],"wp:attachment":[{"href":"https:\/\/ikona.com.mx\/en\/wp-json\/wp\/v2\/media?parent=756"}],"curies":[{"name":"wp","href":"https:\/\/api.w.org\/{rel}","templated":true}]}}